{"id":41,"date":"2025-10-14T08:38:02","date_gmt":"2025-10-14T08:38:02","guid":{"rendered":"https:\/\/niwa.put.poznan.pl\/?page_id=41"},"modified":"2026-02-23T09:59:25","modified_gmt":"2026-02-23T09:59:25","slug":"zadanie-7-opis","status":"publish","type":"page","link":"https:\/\/niwa.put.poznan.pl\/?page_id=41","title":{"rendered":"Zadanie 7 &#8211; Opis"},"content":{"rendered":"\n<h3 class=\"wp-block-heading\"><strong>Kursy English Medium Education w ramach EUNICE<\/strong><\/h3>\n\n\n\n<p>Zadanie 7 koncentruje si\u0119 na rozwijaniu kompetencji j\u0119zykowych, dydaktycznych i mi\u0119dzykulturowych pracownik\u00f3w uczelni wchodz\u0105cych w sk\u0142ad konsorcjum EUNICE. Celem zadania jest podniesienie jako\u015bci kszta\u0142cenia i komunikacji w \u015brodowisku mi\u0119dzynarodowym poprzez dostarczenie specjalistycznych kurs\u00f3w dla dw\u00f3ch g\u0142\u00f3wnych grup odbiorc\u00f3w: pracownik\u00f3w badawczo-dydaktycznych oraz pracownik\u00f3w administracyjnych.<\/p>\n\n\n\n<p>Zadanie odpowiada na zidentyfikowane potrzeby w zakresie umi\u0119dzynarodowienia dydaktyki oraz rosn\u0105c\u0105 konieczno\u015b\u0107 prowadzenia zaj\u0119\u0107 w j\u0119zyku angielskim. Wzrost liczby student\u00f3w zagranicznych, mi\u0119dzynarodowych projekt\u00f3w edukacyjnych oraz mobilno\u015bci kadry wymaga posiadania przez personel uczelni odpowiednich umiej\u0119tno\u015bci j\u0119zykowych i interkulturowych. Zadanie przyczynia si\u0119 do realizacji cel\u00f3w projektu w zakresie wzrostu jako\u015bci kszta\u0142cenia, umi\u0119dzynarodowienia i rozwoju kompetencji mi\u0119dzykulturowych. Wpisuje si\u0119 r\u00f3wnie\u017c w polityki horyzontalne UE, w szczeg\u00f3lno\u015bci w obszary: dost\u0119pno\u015bci, r\u00f3wno\u015bci szans, w\u0142\u0105czenia spo\u0142ecznego i transformacji cyfrowej. W ramach projektu zaplanowane s\u0105 kursy podnosz\u0105ce kompetencje pedagogiczne pracownik\u00f3w badawczo-dydaktycznych. Kursy obejmuj\u0105:<\/p>\n\n\n\n<ol class=\"wp-block-list\">\n<li><strong>Kurs EMI (English Medium Instruction)<\/strong> \u2013 Kurs maj\u0105cy na celu przygotowanie kadry dydaktycznej do prowadzenia zaj\u0119\u0107 w j\u0119zyku angielskim. B\u0119dzie sk\u0142ada\u0142 si\u0119 z wyk\u0142ad\u00f3w, warsztat\u00f3w oraz indywidualnych konsultacji, co pozwoli na rozw\u00f3j metod dydaktycznych i dostosowanie ich do standard\u00f3w nowoczesnej dydaktyki.<\/li>\n\n\n\n<li><strong>Kurs Komunikacja interkulturowa<\/strong> \u2013 Celem tego kursu jest przygotowanie pracownik\u00f3w do prowadzenia zaj\u0119\u0107 i komunikacji ze studentami pochodz\u0105cymi z r\u00f3\u017cnych kultur. Kurs oparty b\u0119dzie na \u0107wiczeniach i warsztatach praktycznych, umo\u017cliwiaj\u0105cych wdro\u017cenie nowoczesnych strategii komunikacyjnych.<\/li>\n<\/ol>\n","protected":false},"excerpt":{"rendered":"<p>Kursy English Medium Education w ramach EUNICE Zadanie 7 koncentruje si\u0119 na rozwijaniu kompetencji j\u0119zykowych, dydaktycznych i mi\u0119dzykulturowych pracownik\u00f3w uczelni wchodz\u0105cych w sk\u0142ad konsorcjum EUNICE. Celem zadania jest podniesienie jako\u015bci kszta\u0142cenia i komunikacji w \u015brodowisku mi\u0119dzynarodowym poprzez dostarczenie specjalistycznych kurs\u00f3w dla dw\u00f3ch g\u0142\u00f3wnych grup odbiorc\u00f3w: pracownik\u00f3w badawczo-dydaktycznych oraz pracownik\u00f3w administracyjnych. Zadanie odpowiada na zidentyfikowane potrzeby [&hellip;]<\/p>\n","protected":false},"author":1,"featured_media":0,"parent":0,"menu_order":0,"comment_status":"closed","ping_status":"closed","template":"","meta":{"footnotes":""},"class_list":["post-41","page","type-page","status-publish","hentry"],"_links":{"self":[{"href":"https:\/\/niwa.put.poznan.pl\/index.php?rest_route=\/wp\/v2\/pages\/41","targetHints":{"allow":["GET"]}}],"collection":[{"href":"https:\/\/niwa.put.poznan.pl\/index.php?rest_route=\/wp\/v2\/pages"}],"about":[{"href":"https:\/\/niwa.put.poznan.pl\/index.php?rest_route=\/wp\/v2\/types\/page"}],"author":[{"embeddable":true,"href":"https:\/\/niwa.put.poznan.pl\/index.php?rest_route=\/wp\/v2\/users\/1"}],"replies":[{"embeddable":true,"href":"https:\/\/niwa.put.poznan.pl\/index.php?rest_route=%2Fwp%2Fv2%2Fcomments&post=41"}],"version-history":[{"count":3,"href":"https:\/\/niwa.put.poznan.pl\/index.php?rest_route=\/wp\/v2\/pages\/41\/revisions"}],"predecessor-version":[{"id":63,"href":"https:\/\/niwa.put.poznan.pl\/index.php?rest_route=\/wp\/v2\/pages\/41\/revisions\/63"}],"wp:attachment":[{"href":"https:\/\/niwa.put.poznan.pl\/index.php?rest_route=%2Fwp%2Fv2%2Fmedia&parent=41"}],"curies":[{"name":"wp","href":"https:\/\/api.w.org\/{rel}","templated":true}]}}