{"id":39,"date":"2025-10-14T08:37:48","date_gmt":"2025-10-14T08:37:48","guid":{"rendered":"https:\/\/niwa.put.poznan.pl\/?page_id=39"},"modified":"2026-02-23T09:58:01","modified_gmt":"2026-02-23T09:58:01","slug":"zadanie-6-opis","status":"publish","type":"page","link":"https:\/\/niwa.put.poznan.pl\/?page_id=39","title":{"rendered":"Zadanie 6 &#8211; Opis"},"content":{"rendered":"\n<h3 class=\"wp-block-heading\"><strong>Wymiana Akademicka \u201cBlended Intensive Programmes\u201d<\/strong><\/h3>\n\n\n\n<p>Zadanie zak\u0142ada realizacj\u0119 trzech wymian akademickich w formule Blended Intensive Programmes (BIP) w ramach Uniwersytetu Europejskiego EUNICE. Blended Intensive Programmes \u0142\u0105cz\u0105 mobilno\u015b\u0107 fizyczn\u0105 ze wsp\u00f3\u0142prac\u0105 online i wpisuj\u0105 si\u0119 w cele europejskiej strategii umi\u0119dzynarodowienia kszta\u0142cenia oraz polityki horyzontalne UE w zakresie dost\u0119pno\u015bci, integracji cyfrowej, r\u00f3wno\u015bci szans oraz rozwoju kompetencji mi\u0119dzykulturowych.<\/p>\n\n\n\n<p>Ka\u017cdy program BIP sk\u0142ada si\u0119 z cz\u0119\u015bci fizycznej (pi\u0119ciodniowy pobyt na uczelni goszcz\u0105cej) oraz kilku tygodni wsp\u00f3\u0142pracy online. W ka\u017cdej edycji we\u017amie udzia\u0142 10 student\u00f3w Politechniki Pozna\u0144skiej oraz 10 student\u00f3w z uczelni partnerskiej. Mobilno\u015bci studenckie zostan\u0105 uzupe\u0142nione wymian\u0105 kadry dydaktycznej \u2013 jeden nauczyciel akademicki z PP wyjedzie do uczelni partnerskiej, a jeden przedstawiciel uczelni partnerskiej przyjedzie na PP.<\/p>\n\n\n\n<p>Zadanie ma strategiczne znaczenie w kontek\u015bcie rozwijania umi\u0119dzynarodowionego kszta\u0142cenia. BIP-y umo\u017cliwiaj\u0105 studentom zdobycie praktycznych kompetencji pracy zespo\u0142owej, rozw\u00f3j umiej\u0119tno\u015bci j\u0119zykowych, a tak\u017ce do\u015bwiadczenie nauki w \u015brodowisku mi\u0119dzykulturowym.<\/p>\n","protected":false},"excerpt":{"rendered":"<p>Wymiana Akademicka \u201cBlended Intensive Programmes\u201d Zadanie zak\u0142ada realizacj\u0119 trzech wymian akademickich w formule Blended Intensive Programmes (BIP) w ramach Uniwersytetu Europejskiego EUNICE. Blended Intensive Programmes \u0142\u0105cz\u0105 mobilno\u015b\u0107 fizyczn\u0105 ze wsp\u00f3\u0142prac\u0105 online i wpisuj\u0105 si\u0119 w cele europejskiej strategii umi\u0119dzynarodowienia kszta\u0142cenia oraz polityki horyzontalne UE w zakresie dost\u0119pno\u015bci, integracji cyfrowej, r\u00f3wno\u015bci szans oraz rozwoju kompetencji mi\u0119dzykulturowych. [&hellip;]<\/p>\n","protected":false},"author":1,"featured_media":0,"parent":0,"menu_order":0,"comment_status":"closed","ping_status":"closed","template":"","meta":{"footnotes":""},"class_list":["post-39","page","type-page","status-publish","hentry"],"_links":{"self":[{"href":"https:\/\/niwa.put.poznan.pl\/index.php?rest_route=\/wp\/v2\/pages\/39","targetHints":{"allow":["GET"]}}],"collection":[{"href":"https:\/\/niwa.put.poznan.pl\/index.php?rest_route=\/wp\/v2\/pages"}],"about":[{"href":"https:\/\/niwa.put.poznan.pl\/index.php?rest_route=\/wp\/v2\/types\/page"}],"author":[{"embeddable":true,"href":"https:\/\/niwa.put.poznan.pl\/index.php?rest_route=\/wp\/v2\/users\/1"}],"replies":[{"embeddable":true,"href":"https:\/\/niwa.put.poznan.pl\/index.php?rest_route=%2Fwp%2Fv2%2Fcomments&post=39"}],"version-history":[{"count":2,"href":"https:\/\/niwa.put.poznan.pl\/index.php?rest_route=\/wp\/v2\/pages\/39\/revisions"}],"predecessor-version":[{"id":61,"href":"https:\/\/niwa.put.poznan.pl\/index.php?rest_route=\/wp\/v2\/pages\/39\/revisions\/61"}],"wp:attachment":[{"href":"https:\/\/niwa.put.poznan.pl\/index.php?rest_route=%2Fwp%2Fv2%2Fmedia&parent=39"}],"curies":[{"name":"wp","href":"https:\/\/api.w.org\/{rel}","templated":true}]}}