{"id":37,"date":"2025-10-14T08:37:37","date_gmt":"2025-10-14T08:37:37","guid":{"rendered":"https:\/\/niwa.put.poznan.pl\/?page_id=37"},"modified":"2026-02-23T09:57:26","modified_gmt":"2026-02-23T09:57:26","slug":"zadanie-5-opis","status":"publish","type":"page","link":"https:\/\/niwa.put.poznan.pl\/?page_id=37","title":{"rendered":"Zadanie 5 &#8211; Opis"},"content":{"rendered":"\n<h3 class=\"wp-block-heading\"><strong>Platforma mikropo\u015bwiadcze\u0144<\/strong><\/h3>\n\n\n\n<p>Zadanie 5 dotyczy kontynuacji oraz rozbudowy systemu mikropo\u015bwiadcze\u0144 w ramach Uniwersytetu Europejskiego EUNICE, ze szczeg\u00f3lnym uwzgl\u0119dnieniem integracji cyfrowych narz\u0119dzi do walidacji, uznawania i dokumentowania efekt\u00f3w uczenia si\u0119. Mikropo\u015bwiadczenia stanowi\u0105 obecnie jeden z kluczowych komponent\u00f3w nowoczesnej edukacji europejskiej, zgodnej z Europejsk\u0105 Strategi\u0105 na rzecz Uniwersytet\u00f3w, koncepcj\u0105 \u201eUnion of Skills\u201d oraz wdra\u017can\u0105 przez Komisj\u0119 Europejsk\u0105 infrastruktur\u0105 Europass Digital Credentials Infrastructure (EDCI).<\/p>\n","protected":false},"excerpt":{"rendered":"<p>Platforma mikropo\u015bwiadcze\u0144 Zadanie 5 dotyczy kontynuacji oraz rozbudowy systemu mikropo\u015bwiadcze\u0144 w ramach Uniwersytetu Europejskiego EUNICE, ze szczeg\u00f3lnym uwzgl\u0119dnieniem integracji cyfrowych narz\u0119dzi do walidacji, uznawania i dokumentowania efekt\u00f3w uczenia si\u0119. Mikropo\u015bwiadczenia stanowi\u0105 obecnie jeden z kluczowych komponent\u00f3w nowoczesnej edukacji europejskiej, zgodnej z Europejsk\u0105 Strategi\u0105 na rzecz Uniwersytet\u00f3w, koncepcj\u0105 \u201eUnion of Skills\u201d oraz wdra\u017can\u0105 przez Komisj\u0119 Europejsk\u0105 [&hellip;]<\/p>\n","protected":false},"author":1,"featured_media":0,"parent":0,"menu_order":0,"comment_status":"closed","ping_status":"closed","template":"","meta":{"footnotes":""},"class_list":["post-37","page","type-page","status-publish","hentry"],"_links":{"self":[{"href":"https:\/\/niwa.put.poznan.pl\/index.php?rest_route=\/wp\/v2\/pages\/37","targetHints":{"allow":["GET"]}}],"collection":[{"href":"https:\/\/niwa.put.poznan.pl\/index.php?rest_route=\/wp\/v2\/pages"}],"about":[{"href":"https:\/\/niwa.put.poznan.pl\/index.php?rest_route=\/wp\/v2\/types\/page"}],"author":[{"embeddable":true,"href":"https:\/\/niwa.put.poznan.pl\/index.php?rest_route=\/wp\/v2\/users\/1"}],"replies":[{"embeddable":true,"href":"https:\/\/niwa.put.poznan.pl\/index.php?rest_route=%2Fwp%2Fv2%2Fcomments&post=37"}],"version-history":[{"count":2,"href":"https:\/\/niwa.put.poznan.pl\/index.php?rest_route=\/wp\/v2\/pages\/37\/revisions"}],"predecessor-version":[{"id":60,"href":"https:\/\/niwa.put.poznan.pl\/index.php?rest_route=\/wp\/v2\/pages\/37\/revisions\/60"}],"wp:attachment":[{"href":"https:\/\/niwa.put.poznan.pl\/index.php?rest_route=%2Fwp%2Fv2%2Fmedia&parent=37"}],"curies":[{"name":"wp","href":"https:\/\/api.w.org\/{rel}","templated":true}]}}