{"id":35,"date":"2025-10-14T08:37:24","date_gmt":"2025-10-14T08:37:24","guid":{"rendered":"https:\/\/niwa.put.poznan.pl\/?page_id=35"},"modified":"2026-02-23T09:56:50","modified_gmt":"2026-02-23T09:56:50","slug":"zadanie-4-opis","status":"publish","type":"page","link":"https:\/\/niwa.put.poznan.pl\/?page_id=35","title":{"rendered":"Zadanie 4 &#8211; Opis"},"content":{"rendered":"\n<h3 class=\"wp-block-heading\"><strong>Sta\u017ce pracownik\u00f3w naukowych i administracyjnych<\/strong><\/h3>\n\n\n\n<p>Zadanie obejmuje dwa typy dzia\u0142a\u0144 \u2013 sta\u017ce naukowe oraz administracyjne \u2013 kt\u00f3re maj\u0105 na celu rozw\u00f3j kompetencji kadry akademickiej i administracyjnej, pog\u0142\u0119bienie wsp\u00f3\u0142pracy w ramach Uniwersytetu Europejskiego EUNICE oraz zwi\u0119kszenie mobilno\u015bci i integracji mi\u0119dzyuczelnianej. Realizacja zadania umo\u017cliwi wymian\u0119 wiedzy, tworzenie wsp\u00f3lnych standard\u00f3w operacyjnych oraz trwa\u0142e relacje mi\u0119dzy partnerami sojuszu.<\/p>\n\n\n\n<p>Zadanie \u015bci\u015ble nawi\u0105zuje do ustale\u0144, kt\u00f3re b\u0119d\u0105 wypracowane podczas spotka\u0144 networkingowych (zadanie 3), a kt\u00f3re zidentyfikuj\u0105 kierunki bli\u017cszej wsp\u00f3\u0142pracy w<\/p>\n\n\n\n<p>obszarze bada\u0144 w ramach konsorcjum. Proponowane dzia\u0142ania odpowiedz\u0105 na potrzeb\u0119 rozwijania potencja\u0142u instytucjonalnego, zwi\u0119kszaj\u0105c zdolno\u015bci organizacyjne i kompetencje uczestnik\u00f3w w kontek\u015bcie wsp\u00f3\u0142pracy mi\u0119dzynarodowej.<\/p>\n","protected":false},"excerpt":{"rendered":"<p>Sta\u017ce pracownik\u00f3w naukowych i administracyjnych Zadanie obejmuje dwa typy dzia\u0142a\u0144 \u2013 sta\u017ce naukowe oraz administracyjne \u2013 kt\u00f3re maj\u0105 na celu rozw\u00f3j kompetencji kadry akademickiej i administracyjnej, pog\u0142\u0119bienie wsp\u00f3\u0142pracy w ramach Uniwersytetu Europejskiego EUNICE oraz zwi\u0119kszenie mobilno\u015bci i integracji mi\u0119dzyuczelnianej. Realizacja zadania umo\u017cliwi wymian\u0119 wiedzy, tworzenie wsp\u00f3lnych standard\u00f3w operacyjnych oraz trwa\u0142e relacje mi\u0119dzy partnerami sojuszu. Zadanie [&hellip;]<\/p>\n","protected":false},"author":1,"featured_media":0,"parent":0,"menu_order":0,"comment_status":"closed","ping_status":"closed","template":"","meta":{"footnotes":""},"class_list":["post-35","page","type-page","status-publish","hentry"],"_links":{"self":[{"href":"https:\/\/niwa.put.poznan.pl\/index.php?rest_route=\/wp\/v2\/pages\/35","targetHints":{"allow":["GET"]}}],"collection":[{"href":"https:\/\/niwa.put.poznan.pl\/index.php?rest_route=\/wp\/v2\/pages"}],"about":[{"href":"https:\/\/niwa.put.poznan.pl\/index.php?rest_route=\/wp\/v2\/types\/page"}],"author":[{"embeddable":true,"href":"https:\/\/niwa.put.poznan.pl\/index.php?rest_route=\/wp\/v2\/users\/1"}],"replies":[{"embeddable":true,"href":"https:\/\/niwa.put.poznan.pl\/index.php?rest_route=%2Fwp%2Fv2%2Fcomments&post=35"}],"version-history":[{"count":2,"href":"https:\/\/niwa.put.poznan.pl\/index.php?rest_route=\/wp\/v2\/pages\/35\/revisions"}],"predecessor-version":[{"id":59,"href":"https:\/\/niwa.put.poznan.pl\/index.php?rest_route=\/wp\/v2\/pages\/35\/revisions\/59"}],"wp:attachment":[{"href":"https:\/\/niwa.put.poznan.pl\/index.php?rest_route=%2Fwp%2Fv2%2Fmedia&parent=35"}],"curies":[{"name":"wp","href":"https:\/\/api.w.org\/{rel}","templated":true}]}}