{"id":33,"date":"2025-10-14T08:37:12","date_gmt":"2025-10-14T08:37:12","guid":{"rendered":"https:\/\/niwa.put.poznan.pl\/?page_id=33"},"modified":"2026-02-23T09:56:14","modified_gmt":"2026-02-23T09:56:14","slug":"zadanie-3-opis","status":"publish","type":"page","link":"https:\/\/niwa.put.poznan.pl\/?page_id=33","title":{"rendered":"Zadanie 3 &#8211; Opis"},"content":{"rendered":"\n<h3 class=\"wp-block-heading\"><strong>Networking Badawczy<\/strong><\/h3>\n\n\n\n<p>Celem zadania jest pog\u0142\u0119bienie i zinstytucjonalizowanie wsp\u00f3\u0142pracy naukowej w ramach Uniwersytetu Europejskiego EUNICE poprzez organizacj\u0119 cyklu pi\u0119ciu tematycznych spotka\u0144 networkingowych z udzia\u0142em pracownik\u00f3w naukowo-dydaktycznych uczelni partnerskich. Spotkania b\u0119d\u0105 odbywa\u0107 si\u0119 w formule stacjonarnej na Politechnice Pozna\u0144skiej i skoncentruj\u0105 si\u0119 na budowaniu trwa\u0142ych relacji oraz interdyscyplinarnych zespo\u0142\u00f3w badawczych zdolnych do wsp\u00f3lnego aplikowania o finansowanie w ramach program\u00f3w europejskich (Horyzont Europa, Digital Europe, ESA, NATO itp.).<\/p>\n\n\n\n<p>Zadanie stanowi odpowied\u017a na jednoznacznie zidentyfikowan\u0105 potrzeb\u0119 rozwoju wsp\u00f3\u0142pracy naukowej, kt\u00f3ra znajduje odzwierciedlenie w priorytetach UE: transformacji cyfrowej, zielonym \u0142adzie (Green Deal), zdrowiu publicznym, przestrzeni kosmicznej, zr\u00f3wnowa\u017conym rozwoju i innowacyjnych technologiach przemys\u0142owych \u2013 jako obszarach strategicznych wspieranych finansowo na poziomie wsp\u00f3lnotowym. Europejska Strategia na rzecz Uniwersytet\u00f3w oraz dokumenty ramowe KE podkre\u015blaj\u0105 konieczno\u015b\u0107 wsp\u00f3lnego prowadzenia bada\u0144 przez sojusze jako fundament doskona\u0142o\u015bci i konkurencyjno\u015bci Europy.<\/p>\n","protected":false},"excerpt":{"rendered":"<p>Networking Badawczy Celem zadania jest pog\u0142\u0119bienie i zinstytucjonalizowanie wsp\u00f3\u0142pracy naukowej w ramach Uniwersytetu Europejskiego EUNICE poprzez organizacj\u0119 cyklu pi\u0119ciu tematycznych spotka\u0144 networkingowych z udzia\u0142em pracownik\u00f3w naukowo-dydaktycznych uczelni partnerskich. Spotkania b\u0119d\u0105 odbywa\u0107 si\u0119 w formule stacjonarnej na Politechnice Pozna\u0144skiej i skoncentruj\u0105 si\u0119 na budowaniu trwa\u0142ych relacji oraz interdyscyplinarnych zespo\u0142\u00f3w badawczych zdolnych do wsp\u00f3lnego aplikowania o finansowanie [&hellip;]<\/p>\n","protected":false},"author":1,"featured_media":0,"parent":0,"menu_order":0,"comment_status":"closed","ping_status":"closed","template":"","meta":{"footnotes":""},"class_list":["post-33","page","type-page","status-publish","hentry"],"_links":{"self":[{"href":"https:\/\/niwa.put.poznan.pl\/index.php?rest_route=\/wp\/v2\/pages\/33","targetHints":{"allow":["GET"]}}],"collection":[{"href":"https:\/\/niwa.put.poznan.pl\/index.php?rest_route=\/wp\/v2\/pages"}],"about":[{"href":"https:\/\/niwa.put.poznan.pl\/index.php?rest_route=\/wp\/v2\/types\/page"}],"author":[{"embeddable":true,"href":"https:\/\/niwa.put.poznan.pl\/index.php?rest_route=\/wp\/v2\/users\/1"}],"replies":[{"embeddable":true,"href":"https:\/\/niwa.put.poznan.pl\/index.php?rest_route=%2Fwp%2Fv2%2Fcomments&post=33"}],"version-history":[{"count":2,"href":"https:\/\/niwa.put.poznan.pl\/index.php?rest_route=\/wp\/v2\/pages\/33\/revisions"}],"predecessor-version":[{"id":58,"href":"https:\/\/niwa.put.poznan.pl\/index.php?rest_route=\/wp\/v2\/pages\/33\/revisions\/58"}],"wp:attachment":[{"href":"https:\/\/niwa.put.poznan.pl\/index.php?rest_route=%2Fwp%2Fv2%2Fmedia&parent=33"}],"curies":[{"name":"wp","href":"https:\/\/api.w.org\/{rel}","templated":true}]}}