{"id":30,"date":"2025-10-14T08:36:34","date_gmt":"2025-10-14T08:36:34","guid":{"rendered":"https:\/\/niwa.put.poznan.pl\/?page_id=30"},"modified":"2026-02-23T09:55:44","modified_gmt":"2026-02-23T09:55:44","slug":"zadanie-2-opis","status":"publish","type":"page","link":"https:\/\/niwa.put.poznan.pl\/?page_id=30","title":{"rendered":"Zadanie 2 &#8211; Opis"},"content":{"rendered":"\n<h3 class=\"wp-block-heading\"><strong>Wsparcie procesu publikacyjnego w ramach Konsorcjum<\/strong><\/h3>\n\n\n\n<p>Celem zadania jest rozw\u00f3j i pog\u0142\u0119bienie wsp\u00f3\u0142pracy naukowej pomi\u0119dzy pracownikami Politechniki Pozna\u0144skiej a partnerami z uczelni nale\u017c\u0105cych do konsorcjum EUNICE poprzez wsparcie procesu przygotowania, redakcji i publikacji wsp\u00f3lnych artyku\u0142\u00f3w naukowych. Zadanie bezpo\u015brednio odpowiada na priorytety europejskiej polityki badawczej, promuj\u0105c integracj\u0119 potencja\u0142u badawczego, umi\u0119dzynarodowienie dzia\u0142a\u0144 naukowych oraz zwi\u0119kszenie dost\u0119pno\u015bci wynik\u00f3w bada\u0144 poprzez publikacje w modelu otwartego dost\u0119pu (open access).<\/p>\n\n\n\n<p>Zadanie stanowi kontynuacj\u0119 dzia\u0142a\u0144 realizowanych w ramach projektu REUNICE (Horyzont 2020), gdzie powsta\u0142a zaawansowana platforma \u0142\u0105cz\u0105ca naukowc\u00f3w z ca\u0142ego konsorcjum. W ramach tej platformy zarejestrowanych jest obecnie ponad 31 626 naukowc\u00f3w, a zgromadzono ponad 234 082 publikacji.<\/p>\n","protected":false},"excerpt":{"rendered":"<p>Wsparcie procesu publikacyjnego w ramach Konsorcjum Celem zadania jest rozw\u00f3j i pog\u0142\u0119bienie wsp\u00f3\u0142pracy naukowej pomi\u0119dzy pracownikami Politechniki Pozna\u0144skiej a partnerami z uczelni nale\u017c\u0105cych do konsorcjum EUNICE poprzez wsparcie procesu przygotowania, redakcji i publikacji wsp\u00f3lnych artyku\u0142\u00f3w naukowych. Zadanie bezpo\u015brednio odpowiada na priorytety europejskiej polityki badawczej, promuj\u0105c integracj\u0119 potencja\u0142u badawczego, umi\u0119dzynarodowienie dzia\u0142a\u0144 naukowych oraz zwi\u0119kszenie dost\u0119pno\u015bci wynik\u00f3w [&hellip;]<\/p>\n","protected":false},"author":1,"featured_media":0,"parent":0,"menu_order":0,"comment_status":"closed","ping_status":"closed","template":"","meta":{"footnotes":""},"class_list":["post-30","page","type-page","status-publish","hentry"],"_links":{"self":[{"href":"https:\/\/niwa.put.poznan.pl\/index.php?rest_route=\/wp\/v2\/pages\/30","targetHints":{"allow":["GET"]}}],"collection":[{"href":"https:\/\/niwa.put.poznan.pl\/index.php?rest_route=\/wp\/v2\/pages"}],"about":[{"href":"https:\/\/niwa.put.poznan.pl\/index.php?rest_route=\/wp\/v2\/types\/page"}],"author":[{"embeddable":true,"href":"https:\/\/niwa.put.poznan.pl\/index.php?rest_route=\/wp\/v2\/users\/1"}],"replies":[{"embeddable":true,"href":"https:\/\/niwa.put.poznan.pl\/index.php?rest_route=%2Fwp%2Fv2%2Fcomments&post=30"}],"version-history":[{"count":2,"href":"https:\/\/niwa.put.poznan.pl\/index.php?rest_route=\/wp\/v2\/pages\/30\/revisions"}],"predecessor-version":[{"id":57,"href":"https:\/\/niwa.put.poznan.pl\/index.php?rest_route=\/wp\/v2\/pages\/30\/revisions\/57"}],"wp:attachment":[{"href":"https:\/\/niwa.put.poznan.pl\/index.php?rest_route=%2Fwp%2Fv2%2Fmedia&parent=30"}],"curies":[{"name":"wp","href":"https:\/\/api.w.org\/{rel}","templated":true}]}}