{"id":28,"date":"2025-10-14T08:36:23","date_gmt":"2025-10-14T08:36:23","guid":{"rendered":"https:\/\/niwa.put.poznan.pl\/?page_id=28"},"modified":"2026-02-23T09:54:56","modified_gmt":"2026-02-23T09:54:56","slug":"zadanie-1-opis","status":"publish","type":"page","link":"https:\/\/niwa.put.poznan.pl\/?page_id=28","title":{"rendered":"Zadanie 1 &#8211; Opis"},"content":{"rendered":"\n<h3 class=\"wp-block-heading\"><strong>Opracowanie wsp\u00f3lnych program\u00f3w studi\u00f3w<\/strong><\/h3>\n\n\n\n<p>Celem zadania jest wsparcie rozwoju wsp\u00f3lnych program\u00f3w studi\u00f3w (Excellence Programmes) realizowanych w ramach konsorcjum EUNICE. Dzia\u0142anie obejmuje organizacj\u0119 pi\u0119ciu tygodniowych spotka\u0144 roboczych na Politechnice Pozna\u0144skiej z udzia\u0142em pracownik\u00f3w dydaktycznych uczelni partnerskich.<\/p>\n\n\n\n<p>Spotkania stworz\u0105 przestrze\u0144 do intensywnej wsp\u00f3\u0142pracy zespo\u0142\u00f3w akademickich, wymiany do\u015bwiadcze\u0144 oraz wsp\u00f3lnego planowania wdra\u017cania zintegrowanych program\u00f3w kszta\u0142cenia. W ich ramach prowadzone b\u0119d\u0105 prace nad opracowaniem program\u00f3w studi\u00f3w pierwszego i drugiego stopnia, zgodnych z europejskimi standardami w zakresie ECTS, system\u00f3w zapewniania jako\u015bci oraz uznawalno\u015bci kwalifikacji.<\/p>\n\n\n\n<p>Szczeg\u00f3lny nacisk zostanie po\u0142o\u017cony na przygotowanie wsp\u00f3lnych sylabus\u00f3w, efekt\u00f3w uczenia si\u0119, harmonogram\u00f3w zaj\u0119\u0107 oraz rozwi\u0105za\u0144 wspieraj\u0105cych mobilno\u015b\u0107 student\u00f3w i kadry akademickiej. Wsp\u00f3\u0142praca koncentruje si\u0119 na kierunkach kluczowych dla strategii EUNICE, w tym w obszarach transformacji cyfrowej, zielonych technologii, innowacyjno\u015bci oraz podej\u015bcia interdyscyplinarnego. Realizacja zadania wpisuje si\u0119 w cele Europejskiej Strategii na rzecz Uniwersytet\u00f3w oraz dzia\u0142ania Komisji Europejskiej zwi\u0105zane z inicjatyw\u0105 European Degree Label, wzmacniaj\u0105c konkurencyjno\u015b\u0107 uczelni oraz u\u0142atwiaj\u0105c mi\u0119dzynarodow\u0105 uznawalno\u015b\u0107 kwalifikacji.<\/p>\n","protected":false},"excerpt":{"rendered":"<p>Opracowanie wsp\u00f3lnych program\u00f3w studi\u00f3w Celem zadania jest wsparcie rozwoju wsp\u00f3lnych program\u00f3w studi\u00f3w (Excellence Programmes) realizowanych w ramach konsorcjum EUNICE. Dzia\u0142anie obejmuje organizacj\u0119 pi\u0119ciu tygodniowych spotka\u0144 roboczych na Politechnice Pozna\u0144skiej z udzia\u0142em pracownik\u00f3w dydaktycznych uczelni partnerskich. Spotkania stworz\u0105 przestrze\u0144 do intensywnej wsp\u00f3\u0142pracy zespo\u0142\u00f3w akademickich, wymiany do\u015bwiadcze\u0144 oraz wsp\u00f3lnego planowania wdra\u017cania zintegrowanych program\u00f3w kszta\u0142cenia. W ich ramach [&hellip;]<\/p>\n","protected":false},"author":1,"featured_media":0,"parent":0,"menu_order":0,"comment_status":"closed","ping_status":"closed","template":"","meta":{"footnotes":""},"class_list":["post-28","page","type-page","status-publish","hentry"],"_links":{"self":[{"href":"https:\/\/niwa.put.poznan.pl\/index.php?rest_route=\/wp\/v2\/pages\/28","targetHints":{"allow":["GET"]}}],"collection":[{"href":"https:\/\/niwa.put.poznan.pl\/index.php?rest_route=\/wp\/v2\/pages"}],"about":[{"href":"https:\/\/niwa.put.poznan.pl\/index.php?rest_route=\/wp\/v2\/types\/page"}],"author":[{"embeddable":true,"href":"https:\/\/niwa.put.poznan.pl\/index.php?rest_route=\/wp\/v2\/users\/1"}],"replies":[{"embeddable":true,"href":"https:\/\/niwa.put.poznan.pl\/index.php?rest_route=%2Fwp%2Fv2%2Fcomments&post=28"}],"version-history":[{"count":4,"href":"https:\/\/niwa.put.poznan.pl\/index.php?rest_route=\/wp\/v2\/pages\/28\/revisions"}],"predecessor-version":[{"id":56,"href":"https:\/\/niwa.put.poznan.pl\/index.php?rest_route=\/wp\/v2\/pages\/28\/revisions\/56"}],"wp:attachment":[{"href":"https:\/\/niwa.put.poznan.pl\/index.php?rest_route=%2Fwp%2Fv2%2Fmedia&parent=28"}],"curies":[{"name":"wp","href":"https:\/\/api.w.org\/{rel}","templated":true}]}}